{"id":5119,"date":"2025-03-17T10:46:37","date_gmt":"2025-03-17T10:46:37","guid":{"rendered":"https:\/\/studiolineatur.com\/workshops\/"},"modified":"2026-03-27T10:07:21","modified_gmt":"2026-03-27T10:07:21","slug":"workshops","status":"publish","type":"page","link":"https:\/\/studiolineatur.com\/de\/workshops\/","title":{"rendered":"Workshops"},"content":{"rendered":"\t\t<div data-elementor-type=\"wp-page\" data-elementor-id=\"5119\" class=\"elementor elementor-5119 elementor-62\" data-elementor-post-type=\"page\">\n\t\t\t\t<div class=\"elementor-element elementor-element-37b23da9 e-con-full e-flex e-con e-parent\" data-id=\"37b23da9\" data-element_type=\"container\" data-e-type=\"container\" data-settings=\"{&quot;_ob_use_container_extras&quot;:&quot;no&quot;}\">\n\t\t<div class=\"elementor-element elementor-element-29e2ef61 e-con-full e-flex e-con e-child\" data-id=\"29e2ef61\" data-element_type=\"container\" data-e-type=\"container\" data-settings=\"{&quot;_ob_use_container_extras&quot;:&quot;no&quot;}\">\n\t\t<div class=\"elementor-element elementor-element-b5c4ed3 e-con-full e-flex e-con e-child\" data-id=\"b5c4ed3\" data-element_type=\"container\" data-e-type=\"container\" data-settings=\"{&quot;sticky&quot;:&quot;top&quot;,&quot;sticky_on&quot;:[&quot;desktop&quot;],&quot;sticky_offset&quot;:60,&quot;sticky_parent&quot;:&quot;yes&quot;,&quot;_ob_use_container_extras&quot;:&quot;no&quot;,&quot;sticky_effects_offset&quot;:0,&quot;sticky_anchor_link_offset&quot;:0}\">\n\t\t\t\t<div class=\"elementor-element elementor-element-7dcbb45b elementor-widget elementor-widget-text-editor\" data-id=\"7dcbb45b\" data-element_type=\"widget\" data-e-type=\"widget\" data-widget_type=\"text-editor.default\">\n\t\t\t\t<div class=\"elementor-widget-container\">\n\t\t\t\t\t\t\t\t\t<h1>Look &amp; Feel Workshop<\/h1><p>Ben\u00f6tigen Sie Unterst\u00fctzung bei Ihrem eigenen Interior-Projekt? Mit unseren Look &amp; Feel Workshops bieten wir Einblicke in die Welt von Interiors, Materialien und Farben \u2013 als Vision und Grundlage f\u00fcr Ihren einzigartigen Raum.<\/p><p> <\/p><h3>ANALYSE \u2013 Was sind Ihre Bed\u00fcrfnisse?<\/h3><h3>FRAGEBOGEN \u2013 Welcher Interior-Typ sind Sie?<\/h3><h3>ANALYSE \u2013 Welche lokalen Gegebenheiten gibt es?<\/h3><h3>AUSBLICK \u2013 Wie sieht die Vision f\u00fcr Ihr Zuhause aus?<\/h3><h3>EINBLICK \u2013 Welche Farben, Materialien und Raumstimmungen sind m\u00f6glich?<\/h3><p> <\/p><p>Fotografie<br><a href=\"http:\/\/www.marina-denisova.com\">Marina Denisova<\/a><\/p>\t\t\t\t\t\t\t\t<\/div>\n\t\t\t\t<\/div>\n\t\t\t\t<\/div>\n\t\t<div class=\"elementor-element elementor-element-70a2eaa3 e-con-full e-flex e-con e-child\" data-id=\"70a2eaa3\" data-element_type=\"container\" data-e-type=\"container\" data-settings=\"{&quot;_ob_use_container_extras&quot;:&quot;no&quot;}\">\n\t\t\t\t<div class=\"elementor-element elementor-element-cea7da2 elementor-widget elementor-widget-image\" data-id=\"cea7da2\" data-element_type=\"widget\" data-e-type=\"widget\" data-widget_type=\"image.default\">\n\t\t\t\t<div class=\"elementor-widget-container\">\n\t\t\t\t\t\t\t\t\t\t\t\t\t\t\t<img fetchpriority=\"high\" decoding=\"async\" width=\"1280\" height=\"1920\" src=\"https:\/\/studiolineatur.com\/wp-content\/uploads\/01_Studio-Lineatur_Innenarchitektur_Interior-Design_Berlin-1.jpg\" class=\"attachment-full size-full wp-image-5114\" alt=\"\" srcset=\"https:\/\/studiolineatur.com\/wp-content\/uploads\/01_Studio-Lineatur_Innenarchitektur_Interior-Design_Berlin-1.jpg 1280w, https:\/\/studiolineatur.com\/wp-content\/uploads\/01_Studio-Lineatur_Innenarchitektur_Interior-Design_Berlin-1-200x300.jpg 200w, https:\/\/studiolineatur.com\/wp-content\/uploads\/01_Studio-Lineatur_Innenarchitektur_Interior-Design_Berlin-1-683x1024.jpg 683w, https:\/\/studiolineatur.com\/wp-content\/uploads\/01_Studio-Lineatur_Innenarchitektur_Interior-Design_Berlin-1-768x1152.jpg 768w, https:\/\/studiolineatur.com\/wp-content\/uploads\/01_Studio-Lineatur_Innenarchitektur_Interior-Design_Berlin-1-1024x1536.jpg 1024w, https:\/\/studiolineatur.com\/wp-content\/uploads\/01_Studio-Lineatur_Innenarchitektur_Interior-Design_Berlin-1-853x1280.jpg 853w, https:\/\/studiolineatur.com\/wp-content\/uploads\/01_Studio-Lineatur_Innenarchitektur_Interior-Design_Berlin-1-533x800.jpg 533w\" sizes=\"(max-width: 1280px) 100vw, 1280px\" \/>\t\t\t\t\t\t\t\t\t\t\t\t\t\t\t<\/div>\n\t\t\t\t<\/div>\n\t\t\t\t<div class=\"elementor-element elementor-element-2ba45057 elementor-widget elementor-widget-text-editor\" data-id=\"2ba45057\" data-element_type=\"widget\" data-e-type=\"widget\" data-widget_type=\"text-editor.default\">\n\t\t\t\t<div class=\"elementor-widget-container\">\n\t\t\t\t\t\t\t\t\t<p>Die Grundlage jedes Interior-Design-Projekts \u2013 ob privates Zuhause, B\u00fcro oder Restaurant \u2013 ist stets das Konzept und damit die Suche nach und das Entdecken einer Design-DNA.<\/p><p>Der LINEATUR Look &amp; Feel Workshop ist unser eigenes Analyse- und Workshop-Tool, das uns und unseren Kundinnen und Kunden hilft, Bed\u00fcrfnisse und Designsprache besser zu verstehen.<\/p><p>Der etwa dreist\u00fcndige Workshop findet in unserem Studio in Prenzlauer Berg statt \u2013 ein Ort voller Inspiration, Kreativit\u00e4t und Raum f\u00fcr neue Ideen.<\/p><p>Gemeinsam tauchen wir in Ihr Projekt ein und entdecken Bed\u00fcrfnisse, Stile und Gestaltungsm\u00f6glichkeiten. Wir bieten inspirierende Einblicke in atmosph\u00e4rische Mood-Welten, vielf\u00e4ltige Materialien und Farbkonzepte \u2013 als Grundlage f\u00fcr eine klare Designvision und das erste Look &amp; Feel des entstehenden Raums.<\/p><p>In unserem Fragebogen, der in Zusammenarbeit mit einer Designpsychologin entwickelt wurde, beleuchten wir zentrale Themen, die f\u00fcr die Gestaltung eines neuen Zuhauses oder eines markengerechten Raums grundlegend sind.<\/p><p>Die Erkenntnisse und Ideen aus diesem intensiven und inspirierenden Austausch fassen wir in einem ma\u00dfgeschneiderten Design-Guide zusammen: ein sorgf\u00e4ltig kuratiertes Dokument mit ersten Konzeptans\u00e4tzen, harmonischen Material- und Farbkonzepten sowie einer klaren Gestaltungsrichtung \u2013 abgestimmt auf Ihr Projekt.<\/p>\t\t\t\t\t\t\t\t<\/div>\n\t\t\t\t<\/div>\n\t\t\t\t<div class=\"elementor-element elementor-element-7b87dfb elementor-widget elementor-widget-image\" data-id=\"7b87dfb\" data-element_type=\"widget\" data-e-type=\"widget\" data-widget_type=\"image.default\">\n\t\t\t\t<div class=\"elementor-widget-container\">\n\t\t\t\t\t\t\t\t\t\t\t\t\t\t\t<img decoding=\"async\" width=\"1280\" height=\"1920\" src=\"https:\/\/studiolineatur.com\/wp-content\/uploads\/02_Studio-Lineatur_Grunderinnen_Innenarchitektur_Interior-Design_Berlin.jpg\" class=\"attachment-full size-full wp-image-5115\" alt=\"\" srcset=\"https:\/\/studiolineatur.com\/wp-content\/uploads\/02_Studio-Lineatur_Grunderinnen_Innenarchitektur_Interior-Design_Berlin.jpg 1280w, https:\/\/studiolineatur.com\/wp-content\/uploads\/02_Studio-Lineatur_Grunderinnen_Innenarchitektur_Interior-Design_Berlin-200x300.jpg 200w, https:\/\/studiolineatur.com\/wp-content\/uploads\/02_Studio-Lineatur_Grunderinnen_Innenarchitektur_Interior-Design_Berlin-683x1024.jpg 683w, https:\/\/studiolineatur.com\/wp-content\/uploads\/02_Studio-Lineatur_Grunderinnen_Innenarchitektur_Interior-Design_Berlin-768x1152.jpg 768w, https:\/\/studiolineatur.com\/wp-content\/uploads\/02_Studio-Lineatur_Grunderinnen_Innenarchitektur_Interior-Design_Berlin-1024x1536.jpg 1024w, https:\/\/studiolineatur.com\/wp-content\/uploads\/02_Studio-Lineatur_Grunderinnen_Innenarchitektur_Interior-Design_Berlin-853x1280.jpg 853w, https:\/\/studiolineatur.com\/wp-content\/uploads\/02_Studio-Lineatur_Grunderinnen_Innenarchitektur_Interior-Design_Berlin-533x800.jpg 533w\" sizes=\"(max-width: 1280px) 100vw, 1280px\" \/>\t\t\t\t\t\t\t\t\t\t\t\t\t\t\t<\/div>\n\t\t\t\t<\/div>\n\t\t\t\t<div class=\"elementor-element elementor-element-a3d58c2 elementor-widget elementor-widget-text-editor\" data-id=\"a3d58c2\" data-element_type=\"widget\" data-e-type=\"widget\" data-widget_type=\"text-editor.default\">\n\t\t\t\t<div class=\"elementor-widget-container\">\n\t\t\t\t\t\t\t\t\t<h3>Von der ersten Idee zum Konzept \u2013 in drei Schritten:<\/h3><h3>Vor dem Workshop<\/h3><p>Wir starten mit einem kurzen Briefing: Sie senden uns einige Eckdaten zu Ihrem Projekt \u2013 z. B. Grundrisse, Fotos oder Inspirationen. So k\u00f6nnen wir Ihren Raum besser verstehen und die Session auf Ihre Bed\u00fcrfnisse abstimmen.<\/p><h3>Look &amp; Feel Workshop bei LINEATUR (ca. 3 Stunden)<\/h3><p>In einer entspannten, inspirierenden Atmosph\u00e4re erkunden wir Materialien, Farben und Stile. Gemeinsam definieren wir die Stimmung und Ausrichtung f\u00fcr Ihren Raum. Sie gehen mit einem Moodboard und einer klaren kreativen Vision nach Hause.<\/p><h3>Nach dem Workshop<\/h3><p>Auf Basis der Workshop-Ergebnisse erstellen wir ein ma\u00dfgeschneidertes Konzept f\u00fcr Ihren Raum \u2013 mit Layout-Ideen, Farben, Materialien und Vorschl\u00e4gen, die Ihre Interior-Vision zum Leben erwecken.<\/p><h3>Lassen Sie uns mit ein paar Ideen spielen \u2013 <a href=\"mailto:hello@studiolineatur.com\">kontaktieren Sie uns!<\/a><\/h3>\t\t\t\t\t\t\t\t<\/div>\n\t\t\t\t<\/div>\n\t\t\t\t<div class=\"elementor-element elementor-element-4c6c7ab elementor-widget elementor-widget-image\" data-id=\"4c6c7ab\" data-element_type=\"widget\" data-e-type=\"widget\" data-widget_type=\"image.default\">\n\t\t\t\t<div class=\"elementor-widget-container\">\n\t\t\t\t\t\t\t\t\t\t\t\t\t\t\t<img decoding=\"async\" width=\"1920\" height=\"1280\" src=\"https:\/\/studiolineatur.com\/wp-content\/uploads\/07_Studio-Lineatur_Innenarchitektur_Materialien_Bemusterung_Interior-Design_Berlin-1.jpg\" class=\"attachment-landscape size-landscape wp-image-5116\" alt=\"\" srcset=\"https:\/\/studiolineatur.com\/wp-content\/uploads\/07_Studio-Lineatur_Innenarchitektur_Materialien_Bemusterung_Interior-Design_Berlin-1.jpg 1920w, https:\/\/studiolineatur.com\/wp-content\/uploads\/07_Studio-Lineatur_Innenarchitektur_Materialien_Bemusterung_Interior-Design_Berlin-1-300x200.jpg 300w, https:\/\/studiolineatur.com\/wp-content\/uploads\/07_Studio-Lineatur_Innenarchitektur_Materialien_Bemusterung_Interior-Design_Berlin-1-1024x683.jpg 1024w, https:\/\/studiolineatur.com\/wp-content\/uploads\/07_Studio-Lineatur_Innenarchitektur_Materialien_Bemusterung_Interior-Design_Berlin-1-768x512.jpg 768w, https:\/\/studiolineatur.com\/wp-content\/uploads\/07_Studio-Lineatur_Innenarchitektur_Materialien_Bemusterung_Interior-Design_Berlin-1-1536x1024.jpg 1536w, https:\/\/studiolineatur.com\/wp-content\/uploads\/07_Studio-Lineatur_Innenarchitektur_Materialien_Bemusterung_Interior-Design_Berlin-1-800x533.jpg 800w\" sizes=\"(max-width: 1920px) 100vw, 1920px\" \/>\t\t\t\t\t\t\t\t\t\t\t\t\t\t\t<\/div>\n\t\t\t\t<\/div>\n\t\t\t\t<div class=\"elementor-element elementor-element-910a949 elementor-widget elementor-widget-image\" data-id=\"910a949\" data-element_type=\"widget\" data-e-type=\"widget\" data-widget_type=\"image.default\">\n\t\t\t\t<div class=\"elementor-widget-container\">\n\t\t\t\t\t\t\t\t\t\t\t\t\t\t\t<img loading=\"lazy\" decoding=\"async\" width=\"1280\" height=\"1920\" src=\"https:\/\/studiolineatur.com\/wp-content\/uploads\/04_Studio-Lineatur_Innenarchitektur_Interior-Design_Berlin_Materials.jpg\" class=\"attachment-full size-full wp-image-5117\" alt=\"\" srcset=\"https:\/\/studiolineatur.com\/wp-content\/uploads\/04_Studio-Lineatur_Innenarchitektur_Interior-Design_Berlin_Materials.jpg 1280w, https:\/\/studiolineatur.com\/wp-content\/uploads\/04_Studio-Lineatur_Innenarchitektur_Interior-Design_Berlin_Materials-200x300.jpg 200w, https:\/\/studiolineatur.com\/wp-content\/uploads\/04_Studio-Lineatur_Innenarchitektur_Interior-Design_Berlin_Materials-683x1024.jpg 683w, https:\/\/studiolineatur.com\/wp-content\/uploads\/04_Studio-Lineatur_Innenarchitektur_Interior-Design_Berlin_Materials-768x1152.jpg 768w, https:\/\/studiolineatur.com\/wp-content\/uploads\/04_Studio-Lineatur_Innenarchitektur_Interior-Design_Berlin_Materials-1024x1536.jpg 1024w, https:\/\/studiolineatur.com\/wp-content\/uploads\/04_Studio-Lineatur_Innenarchitektur_Interior-Design_Berlin_Materials-853x1280.jpg 853w, https:\/\/studiolineatur.com\/wp-content\/uploads\/04_Studio-Lineatur_Innenarchitektur_Interior-Design_Berlin_Materials-533x800.jpg 533w\" sizes=\"(max-width: 1280px) 100vw, 1280px\" \/>\t\t\t\t\t\t\t\t\t\t\t\t\t\t\t<\/div>\n\t\t\t\t<\/div>\n\t\t\t\t<div class=\"elementor-element elementor-element-120ee79 elementor-widget elementor-widget-image\" data-id=\"120ee79\" data-element_type=\"widget\" data-e-type=\"widget\" data-widget_type=\"image.default\">\n\t\t\t\t<div class=\"elementor-widget-container\">\n\t\t\t\t\t\t\t\t\t\t\t\t\t\t\t<img loading=\"lazy\" decoding=\"async\" width=\"1280\" height=\"1920\" src=\"https:\/\/studiolineatur.com\/wp-content\/uploads\/06_Studio-Lineatur__Innenarchitektur_Interior-Design_Berlin-1.jpg\" class=\"attachment-full size-full wp-image-5118\" alt=\"\" srcset=\"https:\/\/studiolineatur.com\/wp-content\/uploads\/06_Studio-Lineatur__Innenarchitektur_Interior-Design_Berlin-1.jpg 1280w, https:\/\/studiolineatur.com\/wp-content\/uploads\/06_Studio-Lineatur__Innenarchitektur_Interior-Design_Berlin-1-200x300.jpg 200w, https:\/\/studiolineatur.com\/wp-content\/uploads\/06_Studio-Lineatur__Innenarchitektur_Interior-Design_Berlin-1-683x1024.jpg 683w, https:\/\/studiolineatur.com\/wp-content\/uploads\/06_Studio-Lineatur__Innenarchitektur_Interior-Design_Berlin-1-768x1152.jpg 768w, https:\/\/studiolineatur.com\/wp-content\/uploads\/06_Studio-Lineatur__Innenarchitektur_Interior-Design_Berlin-1-1024x1536.jpg 1024w, https:\/\/studiolineatur.com\/wp-content\/uploads\/06_Studio-Lineatur__Innenarchitektur_Interior-Design_Berlin-1-853x1280.jpg 853w, https:\/\/studiolineatur.com\/wp-content\/uploads\/06_Studio-Lineatur__Innenarchitektur_Interior-Design_Berlin-1-533x800.jpg 533w\" sizes=\"(max-width: 1280px) 100vw, 1280px\" \/>\t\t\t\t\t\t\t\t\t\t\t\t\t\t\t<\/div>\n\t\t\t\t<\/div>\n\t\t\t\t<\/div>\n\t\t<div class=\"elementor-element elementor-element-00e2ab1 e-con-full e-flex ob-is-container-extras e-con e-child\" data-id=\"00e2ab1\" data-element_type=\"container\" data-e-type=\"container\" data-settings=\"{&quot;_ob_use_container_extras&quot;:&quot;yes&quot;}\">\n\t\t\t\t<\/div>\n\t\t<div class=\"elementor-element elementor-element-6e303ec e-con-full e-flex e-con e-child\" data-id=\"6e303ec\" data-element_type=\"container\" data-e-type=\"container\" data-settings=\"{&quot;sticky&quot;:&quot;top&quot;,&quot;sticky_offset&quot;:60,&quot;sticky_parent&quot;:&quot;yes&quot;,&quot;_ob_use_container_extras&quot;:&quot;no&quot;,&quot;sticky_on&quot;:[&quot;desktop&quot;,&quot;tablet&quot;,&quot;mobile&quot;],&quot;sticky_effects_offset&quot;:0,&quot;sticky_anchor_link_offset&quot;:0}\">\n\t\t\t\t<\/div>\n\t\t\t\t<\/div>\n\t\t\t\t<\/div>\n\t\t\t\t<\/div>\n\t\t","protected":false},"excerpt":{"rendered":"<p>Look &amp; Feel Workshop Ben\u00f6tigen Sie Unterst\u00fctzung bei Ihrem eigenen Interior-Projekt? Mit unseren Look &amp; Feel Workshops bieten wir Einblicke in die Welt von Interiors, Materialien und Farben \u2013 als Vision und Grundlage f\u00fcr Ihren einzigartigen Raum. ANALYSE \u2013 Was sind Ihre Bed\u00fcrfnisse? FRAGEBOGEN \u2013 Welcher Interior-Typ sind Sie? ANALYSE \u2013 Welche lokalen Gegebenheiten gibt [&hellip;]<\/p>\n","protected":false},"author":2,"featured_media":0,"parent":0,"menu_order":0,"comment_status":"closed","ping_status":"closed","template":"","meta":{"_acf_changed":false,"footnotes":""},"class_list":["post-5119","page","type-page","status-publish","hentry"],"acf":[],"yoast_head":"<!-- This site is optimized with the Yoast SEO plugin v27.5 - https:\/\/yoast.com\/product\/yoast-seo-wordpress\/ -->\n<title>Workshops - LINEATUR<\/title>\n<meta name=\"description\" content=\"LINEATUR beginnt jedes Projekt mit einem Look &amp; Feel Workshop \u2013 einem Analyse- und Workshop-Tool, das Kundinnen und Kunden dabei unterst\u00fctzt, ihre Bed\u00fcrfnisse und Designsprache besser kennenzulernen.\" \/>\n<meta name=\"robots\" content=\"index, follow, max-snippet:-1, max-image-preview:large, max-video-preview:-1\" \/>\n<link rel=\"canonical\" href=\"https:\/\/studiolineatur.com\/de\/workshops\/\" \/>\n<meta property=\"og:locale\" content=\"de_DE\" \/>\n<meta property=\"og:type\" content=\"article\" \/>\n<meta property=\"og:title\" content=\"Workshops - LINEATUR\" \/>\n<meta property=\"og:description\" content=\"LINEATUR beginnt jedes Projekt mit einem Look &amp; Feel Workshop \u2013 einem Analyse- und Workshop-Tool, das Kundinnen und Kunden dabei unterst\u00fctzt, ihre Bed\u00fcrfnisse und Designsprache besser kennenzulernen.\" \/>\n<meta property=\"og:url\" content=\"https:\/\/studiolineatur.com\/de\/workshops\/\" \/>\n<meta property=\"og:site_name\" content=\"LINEATUR\" \/>\n<meta property=\"article:modified_time\" content=\"2026-03-27T10:07:21+00:00\" \/>\n<meta property=\"og:image\" content=\"https:\/\/studiolineatur.com\/wp-content\/uploads\/01_Studio-Lineatur_Innenarchitektur_Interior-Design_Berlin-1.jpg\" \/>\n\t<meta property=\"og:image:width\" content=\"1280\" \/>\n\t<meta property=\"og:image:height\" content=\"1920\" \/>\n\t<meta property=\"og:image:type\" content=\"image\/jpeg\" \/>\n<meta name=\"twitter:card\" content=\"summary_large_image\" \/>\n<meta name=\"twitter:label1\" content=\"Gesch\u00e4tzte Lesezeit\" \/>\n\t<meta name=\"twitter:data1\" content=\"2\u00a0Minuten\" \/>\n<script type=\"application\/ld+json\" class=\"yoast-schema-graph\">{\"@context\":\"https:\\\/\\\/schema.org\",\"@graph\":[{\"@type\":\"WebPage\",\"@id\":\"https:\\\/\\\/studiolineatur.com\\\/de\\\/workshops\\\/\",\"url\":\"https:\\\/\\\/studiolineatur.com\\\/de\\\/workshops\\\/\",\"name\":\"Workshops - LINEATUR\",\"isPartOf\":{\"@id\":\"https:\\\/\\\/studiolineatur.com\\\/de\\\/#website\"},\"primaryImageOfPage\":{\"@id\":\"https:\\\/\\\/studiolineatur.com\\\/de\\\/workshops\\\/#primaryimage\"},\"image\":{\"@id\":\"https:\\\/\\\/studiolineatur.com\\\/de\\\/workshops\\\/#primaryimage\"},\"thumbnailUrl\":\"https:\\\/\\\/studiolineatur.com\\\/wp-content\\\/uploads\\\/01_Studio-Lineatur_Innenarchitektur_Interior-Design_Berlin-1.jpg\",\"datePublished\":\"2025-03-17T10:46:37+00:00\",\"dateModified\":\"2026-03-27T10:07:21+00:00\",\"description\":\"LINEATUR beginnt jedes Projekt mit einem Look & Feel Workshop \u2013 einem Analyse- und Workshop-Tool, das Kundinnen und Kunden dabei unterst\u00fctzt, ihre Bed\u00fcrfnisse und Designsprache besser kennenzulernen.\",\"breadcrumb\":{\"@id\":\"https:\\\/\\\/studiolineatur.com\\\/de\\\/workshops\\\/#breadcrumb\"},\"inLanguage\":\"de\",\"potentialAction\":[{\"@type\":\"ReadAction\",\"target\":[\"https:\\\/\\\/studiolineatur.com\\\/de\\\/workshops\\\/\"]}]},{\"@type\":\"ImageObject\",\"inLanguage\":\"de\",\"@id\":\"https:\\\/\\\/studiolineatur.com\\\/de\\\/workshops\\\/#primaryimage\",\"url\":\"https:\\\/\\\/studiolineatur.com\\\/wp-content\\\/uploads\\\/01_Studio-Lineatur_Innenarchitektur_Interior-Design_Berlin-1.jpg\",\"contentUrl\":\"https:\\\/\\\/studiolineatur.com\\\/wp-content\\\/uploads\\\/01_Studio-Lineatur_Innenarchitektur_Interior-Design_Berlin-1.jpg\"},{\"@type\":\"BreadcrumbList\",\"@id\":\"https:\\\/\\\/studiolineatur.com\\\/de\\\/workshops\\\/#breadcrumb\",\"itemListElement\":[{\"@type\":\"ListItem\",\"position\":1,\"name\":\"Startseite\",\"item\":\"https:\\\/\\\/studiolineatur.com\\\/de\\\/projekte\\\/\"},{\"@type\":\"ListItem\",\"position\":2,\"name\":\"Workshops\"}]},{\"@type\":\"WebSite\",\"@id\":\"https:\\\/\\\/studiolineatur.com\\\/de\\\/#website\",\"url\":\"https:\\\/\\\/studiolineatur.com\\\/de\\\/\",\"name\":\"LINEATUR\",\"description\":\"LINEATUR is a studio for architecture and branding founded by Janis Nachtigall (architect), Dana Mikoleit (interior architect) and Pia Held (art director)\",\"publisher\":{\"@id\":\"https:\\\/\\\/studiolineatur.com\\\/de\\\/#organization\"},\"potentialAction\":[{\"@type\":\"SearchAction\",\"target\":{\"@type\":\"EntryPoint\",\"urlTemplate\":\"https:\\\/\\\/studiolineatur.com\\\/de\\\/?s={search_term_string}\"},\"query-input\":{\"@type\":\"PropertyValueSpecification\",\"valueRequired\":true,\"valueName\":\"search_term_string\"}}],\"inLanguage\":\"de\"},{\"@type\":\"Organization\",\"@id\":\"https:\\\/\\\/studiolineatur.com\\\/de\\\/#organization\",\"name\":\"LINEATUR\",\"url\":\"https:\\\/\\\/studiolineatur.com\\\/de\\\/\",\"logo\":{\"@type\":\"ImageObject\",\"inLanguage\":\"de\",\"@id\":\"https:\\\/\\\/studiolineatur.com\\\/de\\\/#\\\/schema\\\/logo\\\/image\\\/\",\"url\":\"https:\\\/\\\/studiolineatur.com\\\/wp-content\\\/uploads\\\/LINEATUR_Logo_square.jpg\",\"contentUrl\":\"https:\\\/\\\/studiolineatur.com\\\/wp-content\\\/uploads\\\/LINEATUR_Logo_square.jpg\",\"width\":1181,\"height\":1181,\"caption\":\"LINEATUR\"},\"image\":{\"@id\":\"https:\\\/\\\/studiolineatur.com\\\/de\\\/#\\\/schema\\\/logo\\\/image\\\/\"},\"sameAs\":[\"https:\\\/\\\/www.instagram.com\\\/studiolineatur\\\/\"]}]}<\/script>\n<!-- \/ Yoast SEO plugin. -->","yoast_head_json":{"title":"Workshops - LINEATUR","description":"LINEATUR beginnt jedes Projekt mit einem Look & Feel Workshop \u2013 einem Analyse- und Workshop-Tool, das Kundinnen und Kunden dabei unterst\u00fctzt, ihre Bed\u00fcrfnisse und Designsprache besser kennenzulernen.","robots":{"index":"index","follow":"follow","max-snippet":"max-snippet:-1","max-image-preview":"max-image-preview:large","max-video-preview":"max-video-preview:-1"},"canonical":"https:\/\/studiolineatur.com\/de\/workshops\/","og_locale":"de_DE","og_type":"article","og_title":"Workshops - LINEATUR","og_description":"LINEATUR beginnt jedes Projekt mit einem Look & Feel Workshop \u2013 einem Analyse- und Workshop-Tool, das Kundinnen und Kunden dabei unterst\u00fctzt, ihre Bed\u00fcrfnisse und Designsprache besser kennenzulernen.","og_url":"https:\/\/studiolineatur.com\/de\/workshops\/","og_site_name":"LINEATUR","article_modified_time":"2026-03-27T10:07:21+00:00","og_image":[{"width":1280,"height":1920,"url":"https:\/\/studiolineatur.com\/wp-content\/uploads\/01_Studio-Lineatur_Innenarchitektur_Interior-Design_Berlin-1.jpg","type":"image\/jpeg"}],"twitter_card":"summary_large_image","twitter_misc":{"Gesch\u00e4tzte Lesezeit":"2\u00a0Minuten"},"schema":{"@context":"https:\/\/schema.org","@graph":[{"@type":"WebPage","@id":"https:\/\/studiolineatur.com\/de\/workshops\/","url":"https:\/\/studiolineatur.com\/de\/workshops\/","name":"Workshops - LINEATUR","isPartOf":{"@id":"https:\/\/studiolineatur.com\/de\/#website"},"primaryImageOfPage":{"@id":"https:\/\/studiolineatur.com\/de\/workshops\/#primaryimage"},"image":{"@id":"https:\/\/studiolineatur.com\/de\/workshops\/#primaryimage"},"thumbnailUrl":"https:\/\/studiolineatur.com\/wp-content\/uploads\/01_Studio-Lineatur_Innenarchitektur_Interior-Design_Berlin-1.jpg","datePublished":"2025-03-17T10:46:37+00:00","dateModified":"2026-03-27T10:07:21+00:00","description":"LINEATUR beginnt jedes Projekt mit einem Look & Feel Workshop \u2013 einem Analyse- und Workshop-Tool, das Kundinnen und Kunden dabei unterst\u00fctzt, ihre Bed\u00fcrfnisse und Designsprache besser kennenzulernen.","breadcrumb":{"@id":"https:\/\/studiolineatur.com\/de\/workshops\/#breadcrumb"},"inLanguage":"de","potentialAction":[{"@type":"ReadAction","target":["https:\/\/studiolineatur.com\/de\/workshops\/"]}]},{"@type":"ImageObject","inLanguage":"de","@id":"https:\/\/studiolineatur.com\/de\/workshops\/#primaryimage","url":"https:\/\/studiolineatur.com\/wp-content\/uploads\/01_Studio-Lineatur_Innenarchitektur_Interior-Design_Berlin-1.jpg","contentUrl":"https:\/\/studiolineatur.com\/wp-content\/uploads\/01_Studio-Lineatur_Innenarchitektur_Interior-Design_Berlin-1.jpg"},{"@type":"BreadcrumbList","@id":"https:\/\/studiolineatur.com\/de\/workshops\/#breadcrumb","itemListElement":[{"@type":"ListItem","position":1,"name":"Startseite","item":"https:\/\/studiolineatur.com\/de\/projekte\/"},{"@type":"ListItem","position":2,"name":"Workshops"}]},{"@type":"WebSite","@id":"https:\/\/studiolineatur.com\/de\/#website","url":"https:\/\/studiolineatur.com\/de\/","name":"LINEATUR","description":"LINEATUR is a studio for architecture and branding founded by Janis Nachtigall (architect), Dana Mikoleit (interior architect) and Pia Held (art director)","publisher":{"@id":"https:\/\/studiolineatur.com\/de\/#organization"},"potentialAction":[{"@type":"SearchAction","target":{"@type":"EntryPoint","urlTemplate":"https:\/\/studiolineatur.com\/de\/?s={search_term_string}"},"query-input":{"@type":"PropertyValueSpecification","valueRequired":true,"valueName":"search_term_string"}}],"inLanguage":"de"},{"@type":"Organization","@id":"https:\/\/studiolineatur.com\/de\/#organization","name":"LINEATUR","url":"https:\/\/studiolineatur.com\/de\/","logo":{"@type":"ImageObject","inLanguage":"de","@id":"https:\/\/studiolineatur.com\/de\/#\/schema\/logo\/image\/","url":"https:\/\/studiolineatur.com\/wp-content\/uploads\/LINEATUR_Logo_square.jpg","contentUrl":"https:\/\/studiolineatur.com\/wp-content\/uploads\/LINEATUR_Logo_square.jpg","width":1181,"height":1181,"caption":"LINEATUR"},"image":{"@id":"https:\/\/studiolineatur.com\/de\/#\/schema\/logo\/image\/"},"sameAs":["https:\/\/www.instagram.com\/studiolineatur\/"]}]}},"_links":{"self":[{"href":"https:\/\/studiolineatur.com\/de\/wp-json\/wp\/v2\/pages\/5119","targetHints":{"allow":["GET"]}}],"collection":[{"href":"https:\/\/studiolineatur.com\/de\/wp-json\/wp\/v2\/pages"}],"about":[{"href":"https:\/\/studiolineatur.com\/de\/wp-json\/wp\/v2\/types\/page"}],"author":[{"embeddable":true,"href":"https:\/\/studiolineatur.com\/de\/wp-json\/wp\/v2\/users\/2"}],"replies":[{"embeddable":true,"href":"https:\/\/studiolineatur.com\/de\/wp-json\/wp\/v2\/comments?post=5119"}],"version-history":[{"count":1,"href":"https:\/\/studiolineatur.com\/de\/wp-json\/wp\/v2\/pages\/5119\/revisions"}],"predecessor-version":[{"id":5120,"href":"https:\/\/studiolineatur.com\/de\/wp-json\/wp\/v2\/pages\/5119\/revisions\/5120"}],"wp:attachment":[{"href":"https:\/\/studiolineatur.com\/de\/wp-json\/wp\/v2\/media?parent=5119"}],"curies":[{"name":"wp","href":"https:\/\/api.w.org\/{rel}","templated":true}]}}