{"id":5108,"date":"2025-03-17T10:46:20","date_gmt":"2025-03-17T10:46:20","guid":{"rendered":"https:\/\/studiolineatur.com\/leistungen\/"},"modified":"2026-03-27T10:06:34","modified_gmt":"2026-03-27T10:06:34","slug":"leistungen","status":"publish","type":"page","link":"https:\/\/studiolineatur.com\/de\/leistungen\/","title":{"rendered":"Leistungen"},"content":{"rendered":"\t\t<div data-elementor-type=\"wp-page\" data-elementor-id=\"5108\" class=\"elementor elementor-5108 elementor-60\" data-elementor-post-type=\"page\">\n\t\t\t\t<div class=\"elementor-element elementor-element-23a75980 e-con-full e-flex e-con e-parent\" data-id=\"23a75980\" data-element_type=\"container\" data-e-type=\"container\" data-settings=\"{&quot;_ob_use_container_extras&quot;:&quot;no&quot;}\">\n\t\t<div class=\"elementor-element elementor-element-603acce e-con-full e-flex e-con e-child\" data-id=\"603acce\" data-element_type=\"container\" data-e-type=\"container\" data-settings=\"{&quot;_ob_use_container_extras&quot;:&quot;no&quot;}\">\n\t\t<div class=\"elementor-element elementor-element-8daeede e-con-full e-flex e-con e-child\" data-id=\"8daeede\" data-element_type=\"container\" data-e-type=\"container\" data-settings=\"{&quot;sticky&quot;:&quot;top&quot;,&quot;sticky_on&quot;:[&quot;desktop&quot;],&quot;sticky_offset&quot;:60,&quot;sticky_parent&quot;:&quot;yes&quot;,&quot;_ob_use_container_extras&quot;:&quot;no&quot;,&quot;sticky_effects_offset&quot;:0,&quot;sticky_anchor_link_offset&quot;:0}\">\n\t\t\t\t<div class=\"elementor-element elementor-element-40dcd1b elementor-widget elementor-widget-text-editor\" data-id=\"40dcd1b\" data-element_type=\"widget\" data-e-type=\"widget\" data-widget_type=\"text-editor.default\">\n\t\t\t\t<div class=\"elementor-widget-container\">\n\t\t\t\t\t\t\t\t\t<p>Fotografie<br><a href=\"https:\/\/www.marina-denisova.com\">Marina Denisova<\/a><\/p>\t\t\t\t\t\t\t\t<\/div>\n\t\t\t\t<\/div>\n\t\t\t\t<\/div>\n\t\t<div class=\"elementor-element elementor-element-1c83a0e3 e-con-full e-flex e-con e-child\" data-id=\"1c83a0e3\" data-element_type=\"container\" data-e-type=\"container\" data-settings=\"{&quot;_ob_use_container_extras&quot;:&quot;no&quot;}\">\n\t\t\t\t<div class=\"elementor-element elementor-element-24c2b21 elementor-widget elementor-widget-image\" data-id=\"24c2b21\" data-element_type=\"widget\" data-e-type=\"widget\" data-widget_type=\"image.default\">\n\t\t\t\t<div class=\"elementor-widget-container\">\n\t\t\t\t\t\t\t\t\t\t\t\t\t\t\t<img fetchpriority=\"high\" decoding=\"async\" width=\"1280\" height=\"1920\" src=\"https:\/\/studiolineatur.com\/wp-content\/uploads\/01_Studio-Lineatur_Innenarchitektur_Berlin.jpg\" class=\"attachment-full size-full wp-image-5101\" alt=\"\" srcset=\"https:\/\/studiolineatur.com\/wp-content\/uploads\/01_Studio-Lineatur_Innenarchitektur_Berlin.jpg 1280w, https:\/\/studiolineatur.com\/wp-content\/uploads\/01_Studio-Lineatur_Innenarchitektur_Berlin-200x300.jpg 200w, https:\/\/studiolineatur.com\/wp-content\/uploads\/01_Studio-Lineatur_Innenarchitektur_Berlin-683x1024.jpg 683w, https:\/\/studiolineatur.com\/wp-content\/uploads\/01_Studio-Lineatur_Innenarchitektur_Berlin-768x1152.jpg 768w, https:\/\/studiolineatur.com\/wp-content\/uploads\/01_Studio-Lineatur_Innenarchitektur_Berlin-1024x1536.jpg 1024w, https:\/\/studiolineatur.com\/wp-content\/uploads\/01_Studio-Lineatur_Innenarchitektur_Berlin-853x1280.jpg 853w, https:\/\/studiolineatur.com\/wp-content\/uploads\/01_Studio-Lineatur_Innenarchitektur_Berlin-533x800.jpg 533w\" sizes=\"(max-width: 1280px) 100vw, 1280px\" \/>\t\t\t\t\t\t\t\t\t\t\t\t\t\t\t<\/div>\n\t\t\t\t<\/div>\n\t\t\t\t<div class=\"elementor-element elementor-element-451ba16a elementor-widget elementor-widget-text-editor\" data-id=\"451ba16a\" data-element_type=\"widget\" data-e-type=\"widget\" data-widget_type=\"text-editor.default\">\n\t\t\t\t<div class=\"elementor-widget-container\">\n\t\t\t\t\t\t\t\t\t<h3 style=\"text-align: center;\">\u00ab Wir schaffen Wohlf\u00fchlorte mit Identit\u00e4t. \u00bb<\/h3><p>Unser ganzheitliches Leistungspaket umfasst alle Entwurfsphasen, von Look &amp; Feel Workshops und Konzeptentwicklung \u00fcber ma\u00dfgeschneiderte Innenarchitektur, Detailplanung, kuratierte M\u00f6belauswahl bis hin zur finalen Projektumsetzung. Wir konzentrieren uns auf Bestandsgeb\u00e4ude und decken dabei das Spektrum von baulichen Sanierungen und Renovierungen bis hin zu umfassenden Modernisierungen ab. Unser Ansatz stellt sicher, dass jedes Detail mit unserer Vision \u00fcbereinstimmt und einen Raum schafft, der die Identit\u00e4t und Bed\u00fcrfnisse unserer Auftraggeber oder der Marke widerspiegelt.  <\/p><p>W\u00e4hrend eines Projekts durchlaufen wir die HOAI-Phasen der Innenarchitektur:<\/p><p> <\/p><p>01 Konzeption<\/p><p>02 Vorplanung<\/p><p>03 Entwurfsplanung<\/p><p>04 Genehmigungsplanung<\/p><p>05 Ausf\u00fchrungsplanung<\/p><p>06 &amp; 07 Ausschreibung &amp; Vergabe<\/p><p>08 Bauleitung<\/p>\t\t\t\t\t\t\t\t<\/div>\n\t\t\t\t<\/div>\n\t\t\t\t<div class=\"elementor-element elementor-element-b9f2bed elementor-widget elementor-widget-image\" data-id=\"b9f2bed\" data-element_type=\"widget\" data-e-type=\"widget\" data-widget_type=\"image.default\">\n\t\t\t\t<div class=\"elementor-widget-container\">\n\t\t\t\t\t\t\t\t\t\t\t\t\t\t\t<img decoding=\"async\" width=\"1280\" height=\"1920\" src=\"https:\/\/studiolineatur.com\/wp-content\/uploads\/03_Studio-Lineatur_Bemusterung_Innenarchitektur_Berlin-1.jpg\" class=\"attachment-full size-full wp-image-5102\" alt=\"\" srcset=\"https:\/\/studiolineatur.com\/wp-content\/uploads\/03_Studio-Lineatur_Bemusterung_Innenarchitektur_Berlin-1.jpg 1280w, https:\/\/studiolineatur.com\/wp-content\/uploads\/03_Studio-Lineatur_Bemusterung_Innenarchitektur_Berlin-1-200x300.jpg 200w, https:\/\/studiolineatur.com\/wp-content\/uploads\/03_Studio-Lineatur_Bemusterung_Innenarchitektur_Berlin-1-683x1024.jpg 683w, https:\/\/studiolineatur.com\/wp-content\/uploads\/03_Studio-Lineatur_Bemusterung_Innenarchitektur_Berlin-1-768x1152.jpg 768w, https:\/\/studiolineatur.com\/wp-content\/uploads\/03_Studio-Lineatur_Bemusterung_Innenarchitektur_Berlin-1-1024x1536.jpg 1024w, https:\/\/studiolineatur.com\/wp-content\/uploads\/03_Studio-Lineatur_Bemusterung_Innenarchitektur_Berlin-1-853x1280.jpg 853w, https:\/\/studiolineatur.com\/wp-content\/uploads\/03_Studio-Lineatur_Bemusterung_Innenarchitektur_Berlin-1-533x800.jpg 533w\" sizes=\"(max-width: 1280px) 100vw, 1280px\" \/>\t\t\t\t\t\t\t\t\t\t\t\t\t\t\t<\/div>\n\t\t\t\t<\/div>\n\t\t\t\t<div class=\"elementor-element elementor-element-d805cc4 elementor-widget elementor-widget-text-editor\" data-id=\"d805cc4\" data-element_type=\"widget\" data-e-type=\"widget\" data-widget_type=\"text-editor.default\">\n\t\t\t\t<div class=\"elementor-widget-container\">\n\t\t\t\t\t\t\t\t\t<p>Unsere Leidenschaft f\u00fcr Materialien, Formen und Handwerkskunst sowie unsere Liebe zum Detail, die individuelle \u00c4sthetik unserer Entw\u00fcrfe und unser Engagement f\u00fcr ma\u00dfgeschneiderte L\u00f6sungen f\u00fcr die Bed\u00fcrfnisse von Bewohnern und Nutzern stehen im Mittelpunkt unserer Arbeit.<\/p><p>Wir sehen es als unsere Verantwortung, so nachhaltig wie m\u00f6glich zu arbeiten, weshalb wir gro\u00dfen Wert auf die Verwendung hochwertiger, nat\u00fcrlicher Materialien legen, die vorwiegend von lokalen Herstellern bezogen werden.<\/p>\t\t\t\t\t\t\t\t<\/div>\n\t\t\t\t<\/div>\n\t\t\t\t<div class=\"elementor-element elementor-element-5af9cec elementor-widget elementor-widget-image\" data-id=\"5af9cec\" data-element_type=\"widget\" data-e-type=\"widget\" data-widget_type=\"image.default\">\n\t\t\t\t<div class=\"elementor-widget-container\">\n\t\t\t\t\t\t\t\t\t\t\t\t\t\t\t<img decoding=\"async\" width=\"1920\" height=\"812\" src=\"https:\/\/studiolineatur.com\/wp-content\/uploads\/07_Studio-Lineatur_Materialien_Innenarchitektur_Berlin-Kopie.webp\" class=\"attachment-landscape size-landscape wp-image-5103\" alt=\"\" srcset=\"https:\/\/studiolineatur.com\/wp-content\/uploads\/07_Studio-Lineatur_Materialien_Innenarchitektur_Berlin-Kopie.webp 1920w, https:\/\/studiolineatur.com\/wp-content\/uploads\/07_Studio-Lineatur_Materialien_Innenarchitektur_Berlin-Kopie-300x127.webp 300w, https:\/\/studiolineatur.com\/wp-content\/uploads\/07_Studio-Lineatur_Materialien_Innenarchitektur_Berlin-Kopie-1024x433.webp 1024w, https:\/\/studiolineatur.com\/wp-content\/uploads\/07_Studio-Lineatur_Materialien_Innenarchitektur_Berlin-Kopie-768x325.webp 768w, https:\/\/studiolineatur.com\/wp-content\/uploads\/07_Studio-Lineatur_Materialien_Innenarchitektur_Berlin-Kopie-1536x650.webp 1536w, https:\/\/studiolineatur.com\/wp-content\/uploads\/07_Studio-Lineatur_Materialien_Innenarchitektur_Berlin-Kopie-800x338.webp 800w\" sizes=\"(max-width: 1920px) 100vw, 1920px\" \/>\t\t\t\t\t\t\t\t\t\t\t\t\t\t\t<\/div>\n\t\t\t\t<\/div>\n\t\t\t\t<div class=\"elementor-element elementor-element-a3c2a0d elementor-widget elementor-widget-image\" data-id=\"a3c2a0d\" data-element_type=\"widget\" data-e-type=\"widget\" data-widget_type=\"image.default\">\n\t\t\t\t<div class=\"elementor-widget-container\">\n\t\t\t\t\t\t\t\t\t\t\t\t\t\t\t<img loading=\"lazy\" decoding=\"async\" width=\"1920\" height=\"1280\" src=\"https:\/\/studiolineatur.com\/wp-content\/uploads\/05_Studio-Lineatur_Visualisierung_Innenarchitektur_Berlin.webp\" class=\"attachment-landscape size-landscape wp-image-5104\" alt=\"\" srcset=\"https:\/\/studiolineatur.com\/wp-content\/uploads\/05_Studio-Lineatur_Visualisierung_Innenarchitektur_Berlin.webp 1920w, https:\/\/studiolineatur.com\/wp-content\/uploads\/05_Studio-Lineatur_Visualisierung_Innenarchitektur_Berlin-300x200.webp 300w, https:\/\/studiolineatur.com\/wp-content\/uploads\/05_Studio-Lineatur_Visualisierung_Innenarchitektur_Berlin-1024x683.webp 1024w, https:\/\/studiolineatur.com\/wp-content\/uploads\/05_Studio-Lineatur_Visualisierung_Innenarchitektur_Berlin-768x512.webp 768w, https:\/\/studiolineatur.com\/wp-content\/uploads\/05_Studio-Lineatur_Visualisierung_Innenarchitektur_Berlin-1536x1024.webp 1536w, https:\/\/studiolineatur.com\/wp-content\/uploads\/05_Studio-Lineatur_Visualisierung_Innenarchitektur_Berlin-800x533.webp 800w\" sizes=\"(max-width: 1920px) 100vw, 1920px\" \/>\t\t\t\t\t\t\t\t\t\t\t\t\t\t\t<\/div>\n\t\t\t\t<\/div>\n\t\t\t\t<div class=\"elementor-element elementor-element-c016b8f elementor-widget__width-initial elementor-widget elementor-widget-image\" data-id=\"c016b8f\" data-element_type=\"widget\" data-e-type=\"widget\" data-widget_type=\"image.default\">\n\t\t\t\t<div class=\"elementor-widget-container\">\n\t\t\t\t\t\t\t\t\t\t\t\t\t\t\t<img loading=\"lazy\" decoding=\"async\" width=\"1063\" height=\"1280\" src=\"https:\/\/studiolineatur.com\/wp-content\/uploads\/08_Studio-Lineatur_Grundriss_Innenarchitektur_Berlin-1-1063x1280.webp\" class=\"attachment-landscape size-landscape wp-image-5105\" alt=\"\" srcset=\"https:\/\/studiolineatur.com\/wp-content\/uploads\/08_Studio-Lineatur_Grundriss_Innenarchitektur_Berlin-1-1063x1280.webp 1063w, https:\/\/studiolineatur.com\/wp-content\/uploads\/08_Studio-Lineatur_Grundriss_Innenarchitektur_Berlin-1-249x300.webp 249w, https:\/\/studiolineatur.com\/wp-content\/uploads\/08_Studio-Lineatur_Grundriss_Innenarchitektur_Berlin-1-850x1024.webp 850w, https:\/\/studiolineatur.com\/wp-content\/uploads\/08_Studio-Lineatur_Grundriss_Innenarchitektur_Berlin-1-768x925.webp 768w, https:\/\/studiolineatur.com\/wp-content\/uploads\/08_Studio-Lineatur_Grundriss_Innenarchitektur_Berlin-1-1275x1536.webp 1275w, https:\/\/studiolineatur.com\/wp-content\/uploads\/08_Studio-Lineatur_Grundriss_Innenarchitektur_Berlin-1-664x800.webp 664w, https:\/\/studiolineatur.com\/wp-content\/uploads\/08_Studio-Lineatur_Grundriss_Innenarchitektur_Berlin-1.webp 1594w\" sizes=\"(max-width: 1063px) 100vw, 1063px\" \/>\t\t\t\t\t\t\t\t\t\t\t\t\t\t\t<\/div>\n\t\t\t\t<\/div>\n\t\t\t\t<div class=\"elementor-element elementor-element-c47de8d elementor-widget elementor-widget-image\" data-id=\"c47de8d\" data-element_type=\"widget\" data-e-type=\"widget\" data-widget_type=\"image.default\">\n\t\t\t\t<div class=\"elementor-widget-container\">\n\t\t\t\t\t\t\t\t\t\t\t\t\t\t\t<img loading=\"lazy\" decoding=\"async\" width=\"1920\" height=\"1280\" src=\"https:\/\/studiolineatur.com\/wp-content\/uploads\/06_Studio-Lineatur_Materialien_Innenarchitektur_Berlin-1.jpg\" class=\"attachment-landscape size-landscape wp-image-5106\" alt=\"\" srcset=\"https:\/\/studiolineatur.com\/wp-content\/uploads\/06_Studio-Lineatur_Materialien_Innenarchitektur_Berlin-1.jpg 1920w, https:\/\/studiolineatur.com\/wp-content\/uploads\/06_Studio-Lineatur_Materialien_Innenarchitektur_Berlin-1-300x200.jpg 300w, https:\/\/studiolineatur.com\/wp-content\/uploads\/06_Studio-Lineatur_Materialien_Innenarchitektur_Berlin-1-1024x683.jpg 1024w, https:\/\/studiolineatur.com\/wp-content\/uploads\/06_Studio-Lineatur_Materialien_Innenarchitektur_Berlin-1-768x512.jpg 768w, https:\/\/studiolineatur.com\/wp-content\/uploads\/06_Studio-Lineatur_Materialien_Innenarchitektur_Berlin-1-1536x1024.jpg 1536w, https:\/\/studiolineatur.com\/wp-content\/uploads\/06_Studio-Lineatur_Materialien_Innenarchitektur_Berlin-1-800x533.jpg 800w\" sizes=\"(max-width: 1920px) 100vw, 1920px\" \/>\t\t\t\t\t\t\t\t\t\t\t\t\t\t\t<\/div>\n\t\t\t\t<\/div>\n\t\t\t\t<\/div>\n\t\t<div class=\"elementor-element elementor-element-3444232 e-con-full e-flex ob-is-container-extras e-con e-child\" data-id=\"3444232\" data-element_type=\"container\" data-e-type=\"container\" data-settings=\"{&quot;_ob_use_container_extras&quot;:&quot;yes&quot;}\">\n\t\t\t\t<\/div>\n\t\t<div class=\"elementor-element elementor-element-d750609 e-con-full e-flex e-con e-child\" data-id=\"d750609\" data-element_type=\"container\" data-e-type=\"container\" data-settings=\"{&quot;sticky&quot;:&quot;top&quot;,&quot;sticky_offset&quot;:60,&quot;sticky_parent&quot;:&quot;yes&quot;,&quot;_ob_use_container_extras&quot;:&quot;no&quot;,&quot;sticky_on&quot;:[&quot;desktop&quot;,&quot;tablet&quot;,&quot;mobile&quot;],&quot;sticky_effects_offset&quot;:0,&quot;sticky_anchor_link_offset&quot;:0}\">\n\t\t\t\t<\/div>\n\t\t\t\t<\/div>\n\t\t\t\t<\/div>\n\t\t\t\t<\/div>\n\t\t","protected":false},"excerpt":{"rendered":"<p>FotografieMarina Denisova \u00ab Wir schaffen Wohlf\u00fchlorte mit Identit\u00e4t. \u00bb Unser ganzheitliches Leistungspaket umfasst alle Entwurfsphasen, von Look &amp; Feel Workshops und Konzeptentwicklung \u00fcber ma\u00dfgeschneiderte Innenarchitektur, Detailplanung, kuratierte M\u00f6belauswahl bis hin zur finalen Projektumsetzung. Wir konzentrieren uns auf Bestandsgeb\u00e4ude und decken dabei das Spektrum von baulichen Sanierungen und Renovierungen bis hin zu umfassenden Modernisierungen ab. Unser [&hellip;]<\/p>\n","protected":false},"author":2,"featured_media":5107,"parent":0,"menu_order":0,"comment_status":"closed","ping_status":"closed","template":"","meta":{"_acf_changed":false,"footnotes":""},"class_list":["post-5108","page","type-page","status-publish","has-post-thumbnail","hentry"],"acf":[],"yoast_head":"<!-- This site is optimized with the Yoast SEO plugin v27.5 - https:\/\/yoast.com\/product\/yoast-seo-wordpress\/ -->\n<title>Leistungen - LINEATUR<\/title>\n<meta name=\"description\" content=\"Der Fokus liegt auf Bestandsgeb\u00e4uden und reicht von baulichen Sanierungen und Renovierungen bis hin zu ganzheitlichen Modernisierungen.\" \/>\n<meta name=\"robots\" content=\"index, follow, max-snippet:-1, max-image-preview:large, max-video-preview:-1\" \/>\n<link rel=\"canonical\" href=\"https:\/\/studiolineatur.com\/de\/leistungen\/\" \/>\n<meta property=\"og:locale\" content=\"de_DE\" \/>\n<meta property=\"og:type\" content=\"article\" \/>\n<meta property=\"og:title\" content=\"Leistungen - LINEATUR\" \/>\n<meta property=\"og:description\" content=\"Der Fokus liegt auf Bestandsgeb\u00e4uden und reicht von baulichen Sanierungen und Renovierungen bis hin zu ganzheitlichen Modernisierungen.\" \/>\n<meta property=\"og:url\" content=\"https:\/\/studiolineatur.com\/de\/leistungen\/\" \/>\n<meta property=\"og:site_name\" content=\"LINEATUR\" \/>\n<meta property=\"article:modified_time\" content=\"2026-03-27T10:06:34+00:00\" \/>\n<meta property=\"og:image\" content=\"https:\/\/studiolineatur.com\/wp-content\/uploads\/01_Studio-Lineatur_Bemusterung_Innenarchitektur_Berlin_Bild-02.jpg\" \/>\n\t<meta property=\"og:image:width\" content=\"1357\" \/>\n\t<meta property=\"og:image:height\" content=\"1919\" \/>\n\t<meta property=\"og:image:type\" content=\"image\/jpeg\" \/>\n<meta name=\"twitter:card\" content=\"summary_large_image\" \/>\n<meta name=\"twitter:label1\" content=\"Gesch\u00e4tzte Lesezeit\" \/>\n\t<meta name=\"twitter:data1\" content=\"1\u00a0Minute\" \/>\n<script type=\"application\/ld+json\" class=\"yoast-schema-graph\">{\"@context\":\"https:\\\/\\\/schema.org\",\"@graph\":[{\"@type\":\"WebPage\",\"@id\":\"https:\\\/\\\/studiolineatur.com\\\/de\\\/leistungen\\\/\",\"url\":\"https:\\\/\\\/studiolineatur.com\\\/de\\\/leistungen\\\/\",\"name\":\"Leistungen - LINEATUR\",\"isPartOf\":{\"@id\":\"https:\\\/\\\/studiolineatur.com\\\/de\\\/#website\"},\"primaryImageOfPage\":{\"@id\":\"https:\\\/\\\/studiolineatur.com\\\/de\\\/leistungen\\\/#primaryimage\"},\"image\":{\"@id\":\"https:\\\/\\\/studiolineatur.com\\\/de\\\/leistungen\\\/#primaryimage\"},\"thumbnailUrl\":\"https:\\\/\\\/studiolineatur.com\\\/wp-content\\\/uploads\\\/01_Studio-Lineatur_Bemusterung_Innenarchitektur_Berlin_Bild-02.jpg\",\"datePublished\":\"2025-03-17T10:46:20+00:00\",\"dateModified\":\"2026-03-27T10:06:34+00:00\",\"description\":\"Der Fokus liegt auf Bestandsgeb\u00e4uden und reicht von baulichen Sanierungen und Renovierungen bis hin zu ganzheitlichen Modernisierungen.\",\"breadcrumb\":{\"@id\":\"https:\\\/\\\/studiolineatur.com\\\/de\\\/leistungen\\\/#breadcrumb\"},\"inLanguage\":\"de\",\"potentialAction\":[{\"@type\":\"ReadAction\",\"target\":[\"https:\\\/\\\/studiolineatur.com\\\/de\\\/leistungen\\\/\"]}]},{\"@type\":\"ImageObject\",\"inLanguage\":\"de\",\"@id\":\"https:\\\/\\\/studiolineatur.com\\\/de\\\/leistungen\\\/#primaryimage\",\"url\":\"https:\\\/\\\/studiolineatur.com\\\/wp-content\\\/uploads\\\/01_Studio-Lineatur_Bemusterung_Innenarchitektur_Berlin_Bild-02.jpg\",\"contentUrl\":\"https:\\\/\\\/studiolineatur.com\\\/wp-content\\\/uploads\\\/01_Studio-Lineatur_Bemusterung_Innenarchitektur_Berlin_Bild-02.jpg\",\"width\":1357,\"height\":1919},{\"@type\":\"BreadcrumbList\",\"@id\":\"https:\\\/\\\/studiolineatur.com\\\/de\\\/leistungen\\\/#breadcrumb\",\"itemListElement\":[{\"@type\":\"ListItem\",\"position\":1,\"name\":\"Startseite\",\"item\":\"https:\\\/\\\/studiolineatur.com\\\/de\\\/projekte\\\/\"},{\"@type\":\"ListItem\",\"position\":2,\"name\":\"Leistungen\"}]},{\"@type\":\"WebSite\",\"@id\":\"https:\\\/\\\/studiolineatur.com\\\/de\\\/#website\",\"url\":\"https:\\\/\\\/studiolineatur.com\\\/de\\\/\",\"name\":\"LINEATUR\",\"description\":\"LINEATUR is a studio for architecture and branding founded by Janis Nachtigall (architect), Dana Mikoleit (interior architect) and Pia Held (art director)\",\"publisher\":{\"@id\":\"https:\\\/\\\/studiolineatur.com\\\/de\\\/#organization\"},\"potentialAction\":[{\"@type\":\"SearchAction\",\"target\":{\"@type\":\"EntryPoint\",\"urlTemplate\":\"https:\\\/\\\/studiolineatur.com\\\/de\\\/?s={search_term_string}\"},\"query-input\":{\"@type\":\"PropertyValueSpecification\",\"valueRequired\":true,\"valueName\":\"search_term_string\"}}],\"inLanguage\":\"de\"},{\"@type\":\"Organization\",\"@id\":\"https:\\\/\\\/studiolineatur.com\\\/de\\\/#organization\",\"name\":\"LINEATUR\",\"url\":\"https:\\\/\\\/studiolineatur.com\\\/de\\\/\",\"logo\":{\"@type\":\"ImageObject\",\"inLanguage\":\"de\",\"@id\":\"https:\\\/\\\/studiolineatur.com\\\/de\\\/#\\\/schema\\\/logo\\\/image\\\/\",\"url\":\"https:\\\/\\\/studiolineatur.com\\\/wp-content\\\/uploads\\\/LINEATUR_Logo_square.jpg\",\"contentUrl\":\"https:\\\/\\\/studiolineatur.com\\\/wp-content\\\/uploads\\\/LINEATUR_Logo_square.jpg\",\"width\":1181,\"height\":1181,\"caption\":\"LINEATUR\"},\"image\":{\"@id\":\"https:\\\/\\\/studiolineatur.com\\\/de\\\/#\\\/schema\\\/logo\\\/image\\\/\"},\"sameAs\":[\"https:\\\/\\\/www.instagram.com\\\/studiolineatur\\\/\"]}]}<\/script>\n<!-- \/ Yoast SEO plugin. -->","yoast_head_json":{"title":"Leistungen - LINEATUR","description":"Der Fokus liegt auf Bestandsgeb\u00e4uden und reicht von baulichen Sanierungen und Renovierungen bis hin zu ganzheitlichen Modernisierungen.","robots":{"index":"index","follow":"follow","max-snippet":"max-snippet:-1","max-image-preview":"max-image-preview:large","max-video-preview":"max-video-preview:-1"},"canonical":"https:\/\/studiolineatur.com\/de\/leistungen\/","og_locale":"de_DE","og_type":"article","og_title":"Leistungen - LINEATUR","og_description":"Der Fokus liegt auf Bestandsgeb\u00e4uden und reicht von baulichen Sanierungen und Renovierungen bis hin zu ganzheitlichen Modernisierungen.","og_url":"https:\/\/studiolineatur.com\/de\/leistungen\/","og_site_name":"LINEATUR","article_modified_time":"2026-03-27T10:06:34+00:00","og_image":[{"width":1357,"height":1919,"url":"https:\/\/studiolineatur.com\/wp-content\/uploads\/01_Studio-Lineatur_Bemusterung_Innenarchitektur_Berlin_Bild-02.jpg","type":"image\/jpeg"}],"twitter_card":"summary_large_image","twitter_misc":{"Gesch\u00e4tzte Lesezeit":"1\u00a0Minute"},"schema":{"@context":"https:\/\/schema.org","@graph":[{"@type":"WebPage","@id":"https:\/\/studiolineatur.com\/de\/leistungen\/","url":"https:\/\/studiolineatur.com\/de\/leistungen\/","name":"Leistungen - LINEATUR","isPartOf":{"@id":"https:\/\/studiolineatur.com\/de\/#website"},"primaryImageOfPage":{"@id":"https:\/\/studiolineatur.com\/de\/leistungen\/#primaryimage"},"image":{"@id":"https:\/\/studiolineatur.com\/de\/leistungen\/#primaryimage"},"thumbnailUrl":"https:\/\/studiolineatur.com\/wp-content\/uploads\/01_Studio-Lineatur_Bemusterung_Innenarchitektur_Berlin_Bild-02.jpg","datePublished":"2025-03-17T10:46:20+00:00","dateModified":"2026-03-27T10:06:34+00:00","description":"Der Fokus liegt auf Bestandsgeb\u00e4uden und reicht von baulichen Sanierungen und Renovierungen bis hin zu ganzheitlichen Modernisierungen.","breadcrumb":{"@id":"https:\/\/studiolineatur.com\/de\/leistungen\/#breadcrumb"},"inLanguage":"de","potentialAction":[{"@type":"ReadAction","target":["https:\/\/studiolineatur.com\/de\/leistungen\/"]}]},{"@type":"ImageObject","inLanguage":"de","@id":"https:\/\/studiolineatur.com\/de\/leistungen\/#primaryimage","url":"https:\/\/studiolineatur.com\/wp-content\/uploads\/01_Studio-Lineatur_Bemusterung_Innenarchitektur_Berlin_Bild-02.jpg","contentUrl":"https:\/\/studiolineatur.com\/wp-content\/uploads\/01_Studio-Lineatur_Bemusterung_Innenarchitektur_Berlin_Bild-02.jpg","width":1357,"height":1919},{"@type":"BreadcrumbList","@id":"https:\/\/studiolineatur.com\/de\/leistungen\/#breadcrumb","itemListElement":[{"@type":"ListItem","position":1,"name":"Startseite","item":"https:\/\/studiolineatur.com\/de\/projekte\/"},{"@type":"ListItem","position":2,"name":"Leistungen"}]},{"@type":"WebSite","@id":"https:\/\/studiolineatur.com\/de\/#website","url":"https:\/\/studiolineatur.com\/de\/","name":"LINEATUR","description":"LINEATUR is a studio for architecture and branding founded by Janis Nachtigall (architect), Dana Mikoleit (interior architect) and Pia Held (art director)","publisher":{"@id":"https:\/\/studiolineatur.com\/de\/#organization"},"potentialAction":[{"@type":"SearchAction","target":{"@type":"EntryPoint","urlTemplate":"https:\/\/studiolineatur.com\/de\/?s={search_term_string}"},"query-input":{"@type":"PropertyValueSpecification","valueRequired":true,"valueName":"search_term_string"}}],"inLanguage":"de"},{"@type":"Organization","@id":"https:\/\/studiolineatur.com\/de\/#organization","name":"LINEATUR","url":"https:\/\/studiolineatur.com\/de\/","logo":{"@type":"ImageObject","inLanguage":"de","@id":"https:\/\/studiolineatur.com\/de\/#\/schema\/logo\/image\/","url":"https:\/\/studiolineatur.com\/wp-content\/uploads\/LINEATUR_Logo_square.jpg","contentUrl":"https:\/\/studiolineatur.com\/wp-content\/uploads\/LINEATUR_Logo_square.jpg","width":1181,"height":1181,"caption":"LINEATUR"},"image":{"@id":"https:\/\/studiolineatur.com\/de\/#\/schema\/logo\/image\/"},"sameAs":["https:\/\/www.instagram.com\/studiolineatur\/"]}]}},"_links":{"self":[{"href":"https:\/\/studiolineatur.com\/de\/wp-json\/wp\/v2\/pages\/5108","targetHints":{"allow":["GET"]}}],"collection":[{"href":"https:\/\/studiolineatur.com\/de\/wp-json\/wp\/v2\/pages"}],"about":[{"href":"https:\/\/studiolineatur.com\/de\/wp-json\/wp\/v2\/types\/page"}],"author":[{"embeddable":true,"href":"https:\/\/studiolineatur.com\/de\/wp-json\/wp\/v2\/users\/2"}],"replies":[{"embeddable":true,"href":"https:\/\/studiolineatur.com\/de\/wp-json\/wp\/v2\/comments?post=5108"}],"version-history":[{"count":1,"href":"https:\/\/studiolineatur.com\/de\/wp-json\/wp\/v2\/pages\/5108\/revisions"}],"predecessor-version":[{"id":5113,"href":"https:\/\/studiolineatur.com\/de\/wp-json\/wp\/v2\/pages\/5108\/revisions\/5113"}],"wp:featuredmedia":[{"embeddable":true,"href":"https:\/\/studiolineatur.com\/de\/wp-json\/wp\/v2\/media\/5107"}],"wp:attachment":[{"href":"https:\/\/studiolineatur.com\/de\/wp-json\/wp\/v2\/media?parent=5108"}],"curies":[{"name":"wp","href":"https:\/\/api.w.org\/{rel}","templated":true}]}}