{"id":5091,"date":"2025-03-17T10:45:26","date_gmt":"2025-03-17T10:45:26","guid":{"rendered":"https:\/\/studiolineatur.com\/impressum\/"},"modified":"2026-03-27T12:07:59","modified_gmt":"2026-03-27T12:07:59","slug":"impressum","status":"publish","type":"page","link":"https:\/\/studiolineatur.com\/de\/impressum\/","title":{"rendered":"Impressum"},"content":{"rendered":"\t\t<div data-elementor-type=\"wp-page\" data-elementor-id=\"5091\" class=\"elementor elementor-5091 elementor-57\" data-elementor-post-type=\"page\">\n\t\t\t\t<div class=\"elementor-element elementor-element-5cfe817a e-con-full e-flex e-con e-parent\" data-id=\"5cfe817a\" data-element_type=\"container\" data-e-type=\"container\" data-settings=\"{&quot;background_background&quot;:&quot;classic&quot;,&quot;_ob_use_container_extras&quot;:&quot;no&quot;}\">\n\t\t<div class=\"elementor-element elementor-element-5d2426fb e-con-full e-flex e-con e-child\" data-id=\"5d2426fb\" data-element_type=\"container\" data-e-type=\"container\" data-settings=\"{&quot;_ob_use_container_extras&quot;:&quot;no&quot;}\">\n\t\t\t\t<div class=\"elementor-element elementor-element-22d3e019 elementor-widget elementor-widget-text-editor\" data-id=\"22d3e019\" data-element_type=\"widget\" data-e-type=\"widget\" data-widget_type=\"text-editor.default\">\n\t\t\t\t<div class=\"elementor-widget-container\">\n\t\t\t\t\t\t\t\t\t<p>Impressum<\/p><p>LINEATUR GmbH<br>Choriner Stra\u00dfe 56<br>10435 Berlin<br><a class=\"hover:underline\" href=\"tel:+493098417435\">030 98417435<\/a><br><a class=\"hover:underline\" href=\"mailto:hello@studiolineatur.com\">hello@studiolineatur.com<\/a><\/p><p>Vertretungsberechtigte Gesch\u00e4ftsf\u00fchrerinnen: Dana Mikoleit, Janis Nachtigall<br>Registergericht: Amtsgericht Charlottenburg<br>Registernummern: HRB 214027 B<br>Ust-ID: DE328190296<\/p><p>Copyright \u00a9 2026 Lineatur GmbH, alle Rechte vorbehalten. Die Inhalte dieser Website sind urheberrechtlich gesch\u00fctzt. Ohne schriftliche Genehmigung seitens der Lineatur GmbH darf der Inhalt dieser Seiten in keiner Form reproduziert oder unter Verwendung elektronischer Systeme verarbeitet, vervielf\u00e4ltigt oder verbreitet werden, es sei denn, gegenteiliges w\u00e4re ausdr\u00fccklich vermerkt.<\/p><p>Design &amp; Art Direction<br>LINEATUR<\/p><p>Registergericht: Amtsgericht Charlottenburg<\/p><p>Fotografie<\/p><p>Marina Denisova<\/p><p>Daniel Far\u00f3<\/p><p>Robert Rieger<br>LINEATUR<\/p>\t\t\t\t\t\t\t\t<\/div>\n\t\t\t\t<\/div>\n\t\t\t\t<\/div>\n\t\t<div class=\"elementor-element elementor-element-1482ca54 e-con-full e-flex e-con e-child\" data-id=\"1482ca54\" data-element_type=\"container\" data-e-type=\"container\" data-settings=\"{&quot;_ob_use_container_extras&quot;:&quot;no&quot;}\">\n\t\t\t\t<\/div>\n\t\t\t\t<\/div>\n\t\t\t\t<\/div>\n\t\t","protected":false},"excerpt":{"rendered":"<p>Impressum LINEATUR GmbHChoriner Stra\u00dfe 5610435 Berlin030 98417435hello@studiolineatur.com Vertretungsberechtigte Gesch\u00e4ftsf\u00fchrerinnen: Dana Mikoleit, Janis NachtigallRegistergericht: Amtsgericht CharlottenburgRegisternummern: HRB 214027 BUst-ID: DE328190296 Copyright \u00a9 2026 Lineatur GmbH, alle Rechte vorbehalten. Die Inhalte dieser Website sind urheberrechtlich gesch\u00fctzt. Ohne schriftliche Genehmigung seitens der Lineatur GmbH darf der Inhalt dieser Seiten in keiner Form reproduziert oder unter Verwendung elektronischer Systeme [&hellip;]<\/p>\n","protected":false},"author":2,"featured_media":0,"parent":0,"menu_order":0,"comment_status":"closed","ping_status":"closed","template":"","meta":{"_acf_changed":false,"footnotes":""},"class_list":["post-5091","page","type-page","status-publish","hentry"],"acf":[],"yoast_head":"<!-- This site is optimized with the Yoast SEO plugin v27.5 - https:\/\/yoast.com\/product\/yoast-seo-wordpress\/ -->\n<title>Impressum - LINEATUR<\/title>\n<meta name=\"robots\" content=\"index, follow, max-snippet:-1, max-image-preview:large, max-video-preview:-1\" \/>\n<link rel=\"canonical\" href=\"https:\/\/studiolineatur.com\/de\/impressum\/\" \/>\n<meta property=\"og:locale\" content=\"de_DE\" \/>\n<meta property=\"og:type\" content=\"article\" \/>\n<meta property=\"og:title\" content=\"Impressum - LINEATUR\" \/>\n<meta property=\"og:description\" content=\"Impressum LINEATUR GmbHChoriner Stra\u00dfe 5610435 Berlin030 98417435hello@studiolineatur.com Vertretungsberechtigte Gesch\u00e4ftsf\u00fchrerinnen: Dana Mikoleit, Janis NachtigallRegistergericht: Amtsgericht CharlottenburgRegisternummern: HRB 214027 BUst-ID: DE328190296 Copyright \u00a9 2026 Lineatur GmbH, alle Rechte vorbehalten. Die Inhalte dieser Website sind urheberrechtlich gesch\u00fctzt. Ohne schriftliche Genehmigung seitens der Lineatur GmbH darf der Inhalt dieser Seiten in keiner Form reproduziert oder unter Verwendung elektronischer Systeme [&hellip;]\" \/>\n<meta property=\"og:url\" content=\"https:\/\/studiolineatur.com\/de\/impressum\/\" \/>\n<meta property=\"og:site_name\" content=\"LINEATUR\" \/>\n<meta property=\"article:modified_time\" content=\"2026-03-27T12:07:59+00:00\" \/>\n<meta name=\"twitter:card\" content=\"summary_large_image\" \/>\n<script type=\"application\/ld+json\" class=\"yoast-schema-graph\">{\"@context\":\"https:\\\/\\\/schema.org\",\"@graph\":[{\"@type\":\"WebPage\",\"@id\":\"https:\\\/\\\/studiolineatur.com\\\/de\\\/impressum\\\/\",\"url\":\"https:\\\/\\\/studiolineatur.com\\\/de\\\/impressum\\\/\",\"name\":\"Impressum - LINEATUR\",\"isPartOf\":{\"@id\":\"https:\\\/\\\/studiolineatur.com\\\/de\\\/#website\"},\"datePublished\":\"2025-03-17T10:45:26+00:00\",\"dateModified\":\"2026-03-27T12:07:59+00:00\",\"breadcrumb\":{\"@id\":\"https:\\\/\\\/studiolineatur.com\\\/de\\\/impressum\\\/#breadcrumb\"},\"inLanguage\":\"de\",\"potentialAction\":[{\"@type\":\"ReadAction\",\"target\":[\"https:\\\/\\\/studiolineatur.com\\\/de\\\/impressum\\\/\"]}]},{\"@type\":\"BreadcrumbList\",\"@id\":\"https:\\\/\\\/studiolineatur.com\\\/de\\\/impressum\\\/#breadcrumb\",\"itemListElement\":[{\"@type\":\"ListItem\",\"position\":1,\"name\":\"Startseite\",\"item\":\"https:\\\/\\\/studiolineatur.com\\\/de\\\/projekte\\\/\"},{\"@type\":\"ListItem\",\"position\":2,\"name\":\"Impressum\"}]},{\"@type\":\"WebSite\",\"@id\":\"https:\\\/\\\/studiolineatur.com\\\/de\\\/#website\",\"url\":\"https:\\\/\\\/studiolineatur.com\\\/de\\\/\",\"name\":\"LINEATUR\",\"description\":\"LINEATUR is a studio for architecture and branding founded by Janis Nachtigall (architect), Dana Mikoleit (interior architect) and Pia Held (art director)\",\"publisher\":{\"@id\":\"https:\\\/\\\/studiolineatur.com\\\/de\\\/#organization\"},\"potentialAction\":[{\"@type\":\"SearchAction\",\"target\":{\"@type\":\"EntryPoint\",\"urlTemplate\":\"https:\\\/\\\/studiolineatur.com\\\/de\\\/?s={search_term_string}\"},\"query-input\":{\"@type\":\"PropertyValueSpecification\",\"valueRequired\":true,\"valueName\":\"search_term_string\"}}],\"inLanguage\":\"de\"},{\"@type\":\"Organization\",\"@id\":\"https:\\\/\\\/studiolineatur.com\\\/de\\\/#organization\",\"name\":\"LINEATUR\",\"url\":\"https:\\\/\\\/studiolineatur.com\\\/de\\\/\",\"logo\":{\"@type\":\"ImageObject\",\"inLanguage\":\"de\",\"@id\":\"https:\\\/\\\/studiolineatur.com\\\/de\\\/#\\\/schema\\\/logo\\\/image\\\/\",\"url\":\"https:\\\/\\\/studiolineatur.com\\\/wp-content\\\/uploads\\\/LINEATUR_Logo_square.jpg\",\"contentUrl\":\"https:\\\/\\\/studiolineatur.com\\\/wp-content\\\/uploads\\\/LINEATUR_Logo_square.jpg\",\"width\":1181,\"height\":1181,\"caption\":\"LINEATUR\"},\"image\":{\"@id\":\"https:\\\/\\\/studiolineatur.com\\\/de\\\/#\\\/schema\\\/logo\\\/image\\\/\"},\"sameAs\":[\"https:\\\/\\\/www.instagram.com\\\/studiolineatur\\\/\"]}]}<\/script>\n<!-- \/ Yoast SEO plugin. -->","yoast_head_json":{"title":"Impressum - LINEATUR","robots":{"index":"index","follow":"follow","max-snippet":"max-snippet:-1","max-image-preview":"max-image-preview:large","max-video-preview":"max-video-preview:-1"},"canonical":"https:\/\/studiolineatur.com\/de\/impressum\/","og_locale":"de_DE","og_type":"article","og_title":"Impressum - LINEATUR","og_description":"Impressum LINEATUR GmbHChoriner Stra\u00dfe 5610435 Berlin030 98417435hello@studiolineatur.com Vertretungsberechtigte Gesch\u00e4ftsf\u00fchrerinnen: Dana Mikoleit, Janis NachtigallRegistergericht: Amtsgericht CharlottenburgRegisternummern: HRB 214027 BUst-ID: DE328190296 Copyright \u00a9 2026 Lineatur GmbH, alle Rechte vorbehalten. Die Inhalte dieser Website sind urheberrechtlich gesch\u00fctzt. Ohne schriftliche Genehmigung seitens der Lineatur GmbH darf der Inhalt dieser Seiten in keiner Form reproduziert oder unter Verwendung elektronischer Systeme [&hellip;]","og_url":"https:\/\/studiolineatur.com\/de\/impressum\/","og_site_name":"LINEATUR","article_modified_time":"2026-03-27T12:07:59+00:00","twitter_card":"summary_large_image","schema":{"@context":"https:\/\/schema.org","@graph":[{"@type":"WebPage","@id":"https:\/\/studiolineatur.com\/de\/impressum\/","url":"https:\/\/studiolineatur.com\/de\/impressum\/","name":"Impressum - LINEATUR","isPartOf":{"@id":"https:\/\/studiolineatur.com\/de\/#website"},"datePublished":"2025-03-17T10:45:26+00:00","dateModified":"2026-03-27T12:07:59+00:00","breadcrumb":{"@id":"https:\/\/studiolineatur.com\/de\/impressum\/#breadcrumb"},"inLanguage":"de","potentialAction":[{"@type":"ReadAction","target":["https:\/\/studiolineatur.com\/de\/impressum\/"]}]},{"@type":"BreadcrumbList","@id":"https:\/\/studiolineatur.com\/de\/impressum\/#breadcrumb","itemListElement":[{"@type":"ListItem","position":1,"name":"Startseite","item":"https:\/\/studiolineatur.com\/de\/projekte\/"},{"@type":"ListItem","position":2,"name":"Impressum"}]},{"@type":"WebSite","@id":"https:\/\/studiolineatur.com\/de\/#website","url":"https:\/\/studiolineatur.com\/de\/","name":"LINEATUR","description":"LINEATUR is a studio for architecture and branding founded by Janis Nachtigall (architect), Dana Mikoleit (interior architect) and Pia Held (art director)","publisher":{"@id":"https:\/\/studiolineatur.com\/de\/#organization"},"potentialAction":[{"@type":"SearchAction","target":{"@type":"EntryPoint","urlTemplate":"https:\/\/studiolineatur.com\/de\/?s={search_term_string}"},"query-input":{"@type":"PropertyValueSpecification","valueRequired":true,"valueName":"search_term_string"}}],"inLanguage":"de"},{"@type":"Organization","@id":"https:\/\/studiolineatur.com\/de\/#organization","name":"LINEATUR","url":"https:\/\/studiolineatur.com\/de\/","logo":{"@type":"ImageObject","inLanguage":"de","@id":"https:\/\/studiolineatur.com\/de\/#\/schema\/logo\/image\/","url":"https:\/\/studiolineatur.com\/wp-content\/uploads\/LINEATUR_Logo_square.jpg","contentUrl":"https:\/\/studiolineatur.com\/wp-content\/uploads\/LINEATUR_Logo_square.jpg","width":1181,"height":1181,"caption":"LINEATUR"},"image":{"@id":"https:\/\/studiolineatur.com\/de\/#\/schema\/logo\/image\/"},"sameAs":["https:\/\/www.instagram.com\/studiolineatur\/"]}]}},"_links":{"self":[{"href":"https:\/\/studiolineatur.com\/de\/wp-json\/wp\/v2\/pages\/5091","targetHints":{"allow":["GET"]}}],"collection":[{"href":"https:\/\/studiolineatur.com\/de\/wp-json\/wp\/v2\/pages"}],"about":[{"href":"https:\/\/studiolineatur.com\/de\/wp-json\/wp\/v2\/types\/page"}],"author":[{"embeddable":true,"href":"https:\/\/studiolineatur.com\/de\/wp-json\/wp\/v2\/users\/2"}],"replies":[{"embeddable":true,"href":"https:\/\/studiolineatur.com\/de\/wp-json\/wp\/v2\/comments?post=5091"}],"version-history":[{"count":4,"href":"https:\/\/studiolineatur.com\/de\/wp-json\/wp\/v2\/pages\/5091\/revisions"}],"predecessor-version":[{"id":5502,"href":"https:\/\/studiolineatur.com\/de\/wp-json\/wp\/v2\/pages\/5091\/revisions\/5502"}],"wp:attachment":[{"href":"https:\/\/studiolineatur.com\/de\/wp-json\/wp\/v2\/media?parent=5091"}],"curies":[{"name":"wp","href":"https:\/\/api.w.org\/{rel}","templated":true}]}}